{"id":4528,"date":"2025-12-10T12:23:01","date_gmt":"2025-12-10T12:23:01","guid":{"rendered":"https:\/\/crt-staging.okoinformatika.ro\/?page_id=4528"},"modified":"2026-01-09T15:57:29","modified_gmt":"2026-01-09T13:57:29","slug":"marketing-audit","status":"publish","type":"page","link":"https:\/\/creathinkads.ro\/hu\/marketing-audit\/","title":{"rendered":"Marketing audit"},"content":{"rendered":"\t\t<div data-elementor-type=\"wp-page\" data-elementor-id=\"4528\" class=\"elementor elementor-4528\" data-elementor-post-type=\"page\">\n\t\t\t\t<div class=\"elementor-element elementor-element-d1f39ba e-flex e-con-boxed e-con e-parent\" data-id=\"d1f39ba\" data-element_type=\"container\">\n\t\t\t\t\t<div class=\"e-con-inner\">\n\t\t\t\t\t<\/div>\n\t\t\t\t<\/div>\n\t\t<div class=\"elementor-element elementor-element-31a98de5 e-con-full e-flex e-con e-parent\" data-id=\"31a98de5\" data-element_type=\"container\">\n\t\t<div class=\"elementor-element elementor-element-750570c8 e-con-full e-grid e-con e-child\" data-id=\"750570c8\" data-element_type=\"container\" data-settings=\"{&quot;background_background&quot;:&quot;gradient&quot;}\">\n\t\t<div class=\"elementor-element elementor-element-3e5f8dc4 e-con-full e-flex e-con e-child\" data-id=\"3e5f8dc4\" data-element_type=\"container\">\n\t\t\t\t<div class=\"elementor-element-custom_color elementor-element elementor-element-152d9460 elementor-widget elementor-widget-text-editor\" data-id=\"152d9460\" data-element_type=\"widget\" data-widget_type=\"text-editor.default\">\n\t\t\t\t<div class=\"elementor-widget-container\">\n\t\t\t\t\t\t\t\t\t<h2>K\u00e9szen \u00e1llsz a szintl\u00e9p\u00e9sre?<\/h2>\t\t\t\t\t\t\t\t<\/div>\n\t\t\t\t<\/div>\n\t\t\t\t<div class=\"elementor-element-custom_font_size elementor-element-custom_color elementor-element elementor-element-27531121 elementor-widget elementor-widget-text-editor\" data-id=\"27531121\" data-element_type=\"widget\" data-widget_type=\"text-editor.default\">\n\t\t\t\t<div class=\"elementor-widget-container\">\n\t\t\t\t\t\t\t\t\t<h4>Nem hisz\u00fcnk a felesleges k\u00f6r\u00f6kben. \u00cdrj nek\u00fcnk, \u00e9s n\u00e9zz\u00fck meg, megvan-e k\u00f6zt\u00fcnk a k\u00e9mia?<\/h4>\t\t\t\t\t\t\t\t<\/div>\n\t\t\t\t<\/div>\n\t\t<div class=\"elementor-element elementor-element-405b8a72 e-grid gt3-container-margin e-con-full e-con e-child\" data-id=\"405b8a72\" data-element_type=\"container\">\n\t\t<div class=\"elementor-element elementor-element-5cce2db1 e-con-full e-flex e-con e-child\" data-id=\"5cce2db1\" data-element_type=\"container\">\n\t\t\t\t<div class=\"elementor-element-custom_font_size elementor-element-custom_font_family elementor-element-custom_font_weight elementor-element-custom_color elementor-element elementor-element-eb0f6ff elementor-widget elementor-widget-text-editor\" data-id=\"eb0f6ff\" data-element_type=\"widget\" data-widget_type=\"text-editor.default\">\n\t\t\t\t<div class=\"elementor-widget-container\">\n\t\t\t\t\t\t\t\t\t<p>\u00edrj nek\u00fcnk<\/p>\t\t\t\t\t\t\t\t<\/div>\n\t\t\t\t<\/div>\n\t\t\t\t<div class=\"elementor-element-custom_font_size elementor-element-custom_font_size_tablet elementor-element-custom_color elementor-element elementor-element-1c08e86a elementor-widget elementor-widget-text-editor\" data-id=\"1c08e86a\" data-element_type=\"widget\" data-widget_type=\"text-editor.default\">\n\t\t\t\t<div class=\"elementor-widget-container\">\n\t\t\t\t\t\t\t\t\t<p>zsolt.lender@creathinkads.eu<\/p>\t\t\t\t\t\t\t\t<\/div>\n\t\t\t\t<\/div>\n\t\t\t\t<\/div>\n\t\t<div class=\"elementor-element elementor-element-4ef0ee7d e-con-full e-flex e-con e-child\" data-id=\"4ef0ee7d\" data-element_type=\"container\">\n\t\t\t\t<div class=\"elementor-element-custom_font_size elementor-element-custom_font_family elementor-element-custom_font_weight elementor-element-custom_color elementor-element elementor-element-2a4bfc70 elementor-widget elementor-widget-text-editor\" data-id=\"2a4bfc70\" data-element_type=\"widget\" data-widget_type=\"text-editor.default\">\n\t\t\t\t<div class=\"elementor-widget-container\">\n\t\t\t\t\t\t\t\t\t<p>k\u00f6vess be<\/p>\t\t\t\t\t\t\t\t<\/div>\n\t\t\t\t<\/div>\n\t\t\t\t<div class=\"elementor-element elementor-element-d48a2f8 e-grid-align-left elementor-shape-rounded elementor-grid-0 elementor-widget elementor-widget-social-icons\" data-id=\"d48a2f8\" data-element_type=\"widget\" data-widget_type=\"social-icons.default\">\n\t\t\t\t<div class=\"elementor-widget-container\">\n\t\t\t\t\t\t\t<div class=\"elementor-social-icons-wrapper elementor-grid\" role=\"list\">\n\t\t\t\t\t\t\t<span class=\"elementor-grid-item\" role=\"listitem\">\n\t\t\t\t\t<a class=\"elementor-icon elementor-social-icon elementor-social-icon-behance elementor-animation-bounce-in elementor-repeater-item-08ec3fd\" href=\"https:\/\/www.behance.net\/creathinkads\" target=\"_blank\">\n\t\t\t\t\t\t<span class=\"elementor-screen-only\">Behance<\/span>\n\t\t\t\t\t\t<i aria-hidden=\"true\" class=\"fab fa-behance\"><\/i>\t\t\t\t\t<\/a>\n\t\t\t\t<\/span>\n\t\t\t\t\t\t\t<span class=\"elementor-grid-item\" role=\"listitem\">\n\t\t\t\t\t<a class=\"elementor-icon elementor-social-icon elementor-social-icon-facebook elementor-animation-bounce-in elementor-repeater-item-94ac61d\" href=\"https:\/\/www.facebook.com\/creathinkadvertising\" target=\"_blank\">\n\t\t\t\t\t\t<span class=\"elementor-screen-only\">Facebook<\/span>\n\t\t\t\t\t\t<i aria-hidden=\"true\" class=\"fab fa-facebook\"><\/i>\t\t\t\t\t<\/a>\n\t\t\t\t<\/span>\n\t\t\t\t\t\t\t<span class=\"elementor-grid-item\" role=\"listitem\">\n\t\t\t\t\t<a class=\"elementor-icon elementor-social-icon elementor-social-icon-instagram elementor-animation-bounce-in elementor-repeater-item-e44c759\" href=\"https:\/\/www.instagram.com\/creathink.advertising\/\" target=\"_blank\">\n\t\t\t\t\t\t<span class=\"elementor-screen-only\">Instagram<\/span>\n\t\t\t\t\t\t<i aria-hidden=\"true\" class=\"fab fa-instagram\"><\/i>\t\t\t\t\t<\/a>\n\t\t\t\t<\/span>\n\t\t\t\t\t\t\t<span class=\"elementor-grid-item\" role=\"listitem\">\n\t\t\t\t\t<a class=\"elementor-icon elementor-social-icon elementor-social-icon-linkedin elementor-animation-bounce-in elementor-repeater-item-51ee6a8\" href=\"https:\/\/www.linkedin.com\/company\/creathink-advertising\" target=\"_blank\">\n\t\t\t\t\t\t<span class=\"elementor-screen-only\">Linkedin<\/span>\n\t\t\t\t\t\t<i aria-hidden=\"true\" class=\"fab fa-linkedin\"><\/i>\t\t\t\t\t<\/a>\n\t\t\t\t<\/span>\n\t\t\t\t\t<\/div>\n\t\t\t\t\t\t<\/div>\n\t\t\t\t<\/div>\n\t\t\t\t<\/div>\n\t\t<div class=\"elementor-element elementor-element-1c4e9135 e-con-full e-flex e-con e-child\" data-id=\"1c4e9135\" data-element_type=\"container\">\n\t\t\t\t<div class=\"elementor-element-custom_font_size elementor-element-custom_font_family elementor-element-custom_font_weight elementor-element-custom_color elementor-element elementor-element-496562f elementor-widget elementor-widget-text-editor\" data-id=\"496562f\" data-element_type=\"widget\" data-widget_type=\"text-editor.default\">\n\t\t\t\t<div class=\"elementor-widget-container\">\n\t\t\t\t\t\t\t\t\t<p>h\u00edvj minket<\/p>\t\t\t\t\t\t\t\t<\/div>\n\t\t\t\t<\/div>\n\t\t\t\t<div class=\"elementor-element-custom_font_size elementor-element-custom_font_size_tablet elementor-element-custom_line_height elementor-element-custom_color elementor-element elementor-element-3d7bf79b elementor-widget elementor-widget-text-editor\" data-id=\"3d7bf79b\" data-element_type=\"widget\" data-widget_type=\"text-editor.default\">\n\t\t\t\t<div class=\"elementor-widget-container\">\n\t\t\t\t\t\t\t\t\t<p>+40 748 752 723<\/p>\t\t\t\t\t\t\t\t<\/div>\n\t\t\t\t<\/div>\n\t\t\t\t<\/div>\n\t\t<div class=\"elementor-element elementor-element-ac0ea61 e-con-full e-flex e-con e-child\" data-id=\"ac0ea61\" data-element_type=\"container\">\n\t\t\t\t<div class=\"elementor-element-custom_font_size elementor-element-custom_font_family elementor-element-custom_font_weight elementor-element-custom_color elementor-element elementor-element-7e8d7530 elementor-widget elementor-widget-text-editor\" data-id=\"7e8d7530\" data-element_type=\"widget\" data-widget_type=\"text-editor.default\">\n\t\t\t\t<div class=\"elementor-widget-container\">\n\t\t\t\t\t\t\t\t\t<p>irod\u00e1nk<\/p>\t\t\t\t\t\t\t\t<\/div>\n\t\t\t\t<\/div>\n\t\t\t\t<div class=\"elementor-element-custom_font_size elementor-element-custom_font_size_tablet elementor-element-custom_line_height elementor-element-custom_color elementor-element elementor-element-67226217 elementor-widget elementor-widget-text-editor\" data-id=\"67226217\" data-element_type=\"widget\" data-widget_type=\"text-editor.default\">\n\t\t\t\t<div class=\"elementor-widget-container\">\n\t\t\t\t\t\t\t\t\t<p>Maros megye,<br \/>Koronka,<br \/>Forr\u00e1s utca 16. sz\u00e1m<\/p>\t\t\t\t\t\t\t\t<\/div>\n\t\t\t\t<\/div>\n\t\t\t\t<\/div>\n\t\t\t\t<\/div>\n\t\t\t\t<\/div>\n\t\t<div class=\"elementor-element elementor-element-5384381b e-con-full gt3-box-postion-decor e-flex e-con e-child\" data-id=\"5384381b\" data-element_type=\"container\" data-settings=\"{&quot;background_background&quot;:&quot;classic&quot;}\">\n\t\t\t\t<div class=\"elementor-element elementor-element-28a1b5 elementor-widget elementor-widget-text-editor\" data-id=\"28a1b5\" data-element_type=\"widget\" data-widget_type=\"text-editor.default\">\n\t\t\t\t<div class=\"elementor-widget-container\">\n\t\t\t\t\t\t\t\t\t<h3>Kezdj\u00fck egy besz\u00e9lget\u00e9ssel<\/h3>\t\t\t\t\t\t\t\t<\/div>\n\t\t\t\t<\/div>\n\t\t\t\t<div class=\"elementor-element elementor-element-1782b5a4 elementor-widget elementor-widget-shortcode\" data-id=\"1782b5a4\" data-element_type=\"widget\" data-widget_type=\"shortcode.default\">\n\t\t\t\t<div class=\"elementor-widget-container\">\n\t\t\t\t\t\t\t<div class=\"elementor-shortcode\">\n<div class=\"wpcf7 no-js\" id=\"wpcf7-f1442-o1\" lang=\"hu-HU\" dir=\"ltr\" data-wpcf7-id=\"1442\">\n<div class=\"screen-reader-response\"><p role=\"status\" aria-live=\"polite\" aria-atomic=\"true\"><\/p> <ul><\/ul><\/div>\n<form action=\"\/hu\/wp-json\/wp\/v2\/pages\/4528#wpcf7-f1442-o1\" method=\"post\" class=\"wpcf7-form init\" aria-label=\"Kapcsolatfelv\u00e9teli \u0171rlap\" novalidate=\"novalidate\" data-status=\"init\">\n<fieldset class=\"hidden-fields-container\"><input type=\"hidden\" name=\"_wpcf7\" value=\"1442\" \/><input type=\"hidden\" name=\"_wpcf7_version\" value=\"6.1.4\" \/><input type=\"hidden\" name=\"_wpcf7_locale\" value=\"hu_HU\" \/><input type=\"hidden\" name=\"_wpcf7_unit_tag\" value=\"wpcf7-f1442-o1\" \/><input type=\"hidden\" name=\"_wpcf7_container_post\" value=\"0\" \/><input type=\"hidden\" name=\"_wpcf7_posted_data_hash\" value=\"\" \/><input type=\"hidden\" name=\"_wpcf7_recaptcha_response\" value=\"\" \/>\n<\/fieldset>\n<div class=\"row contact_form_2\">\n\t<div class=\"span6\">\n\t\t<p><span class=\"wpcf7-form-control-wrap\" data-name=\"your-name\"><input size=\"40\" maxlength=\"400\" class=\"wpcf7-form-control wpcf7-text wpcf7-validates-as-required\" aria-required=\"true\" aria-invalid=\"false\" placeholder=\"N\u00e9v*\" value=\"\" type=\"text\" name=\"your-name\" \/><\/span>\n\t\t<\/p>\n\t<\/div>\n\t<div class=\"span6\">\n\t\t<p><span class=\"wpcf7-form-control-wrap\" data-name=\"your-email\"><input size=\"40\" maxlength=\"400\" class=\"wpcf7-form-control wpcf7-email wpcf7-validates-as-required wpcf7-text wpcf7-validates-as-email\" aria-required=\"true\" aria-invalid=\"false\" placeholder=\"Email*\" value=\"\" type=\"email\" name=\"your-email\" \/><\/span>\n\t\t<\/p>\n\t<\/div>\n\t<div class=\"span6\">\n\t\t<p><span class=\"wpcf7-form-control-wrap\" data-name=\"company\"><input size=\"40\" maxlength=\"400\" class=\"wpcf7-form-control wpcf7-text wpcf7-validates-as-required\" aria-required=\"true\" aria-invalid=\"false\" placeholder=\"C\u00e9gn\u00e9v\" value=\"\" type=\"text\" name=\"company\" \/><\/span>\n\t\t<\/p>\n\t<\/div>\n\t<div class=\"span6\">\n\t\t<p><span class=\"wpcf7-form-control-wrap\" data-name=\"vatnr\"><input size=\"40\" maxlength=\"400\" class=\"wpcf7-form-control wpcf7-text wpcf7-validates-as-required\" aria-required=\"true\" aria-invalid=\"false\" placeholder=\"Ad\u00f3sz\u00e1m*\" value=\"\" type=\"text\" name=\"vatnr\" \/><\/span>\n\t\t<\/p>\n\t<\/div>\n\t<div class=\"span12\">\n\t\t<p><span class=\"wpcf7-form-control-wrap\" data-name=\"your-message\"><textarea cols=\"40\" rows=\"10\" maxlength=\"2000\" class=\"wpcf7-form-control wpcf7-textarea\" aria-invalid=\"false\" placeholder=\"\u00dczenet\" name=\"your-message\"><\/textarea><\/span>\n\t\t<\/p>\n\t<\/div>\n\t<div class=\"span12\">\n\t\t<p><span class=\"wpcf7-form-control-wrap\" data-name=\"acceptance-260\"><span class=\"wpcf7-form-control wpcf7-acceptance\"><span class=\"wpcf7-list-item\"><label><input type=\"checkbox\" name=\"acceptance-260\" value=\"1\" aria-invalid=\"false\" \/><span class=\"wpcf7-list-item-label\">Beleegyezek a megadott adataim, a v\u00e1laszad\u00e1s \u00e9rdek\u00e9ben t\u00f6rt\u00e9n\u0151, az adott oldalon val\u00f3 t\u00e1rol\u00e1s\u00e1hoz \u00e9s kezel\u00e9s\u00e9hez.<\/span><\/label><\/span><\/span><\/span>\n\t\t<\/p>\n\t<\/div>\n\t<div class=\"span12\">\n\t\t<p><input class=\"wpcf7-form-control wpcf7-submit has-spinner\" type=\"submit\" value=\"K\u00e9rek egy ingyenes auditot\" \/>\n\t\t<\/p>\n\t<\/div>\n<\/div><div class=\"wpcf7-response-output\" aria-hidden=\"true\"><\/div>\n<\/form>\n<\/div>\n<\/div>\n\t\t\t\t\t\t<\/div>\n\t\t\t\t<\/div>\n\t\t\t\t<\/div>\n\t\t\t\t<\/div>\n\t\t\t\t<\/div>\n\t\t\t\t<\/div>\n\t\t","protected":false},"excerpt":{"rendered":"<p>K\u00e9szen \u00e1llsz a szintl\u00e9p\u00e9sre? Nem hisz\u00fcnk a felesleges k\u00f6r\u00f6kben. \u00cdrj nek\u00fcnk, \u00e9s n\u00e9zz\u00fck meg, megvan-e k\u00f6zt\u00fcnk a k\u00e9mia? \u00edrj nek\u00fcnk zsolt.lender@creathinkads.eu k\u00f6vess be Behance Facebook Instagram Linkedin h\u00edvj minket +40 748 752 723 irod\u00e1nk Maros megye,Koronka,Forr\u00e1s utca 16. sz\u00e1m Kezdj\u00fck egy besz\u00e9lget\u00e9ssel<\/p>\n","protected":false},"author":1,"featured_media":0,"parent":0,"menu_order":0,"comment_status":"closed","ping_status":"closed","template":"","meta":{"footnotes":""},"class_list":["post-4528","page","type-page","status-publish","hentry"],"yoast_head":"<!-- This site is optimized with the Yoast SEO plugin v26.7 - https:\/\/yoast.com\/wordpress\/plugins\/seo\/ -->\n<title>Marketing audit - Creathink<\/title>\n<meta name=\"robots\" content=\"index, follow, max-snippet:-1, max-image-preview:large, max-video-preview:-1\" \/>\n<link rel=\"canonical\" href=\"https:\/\/creathinkads.ro\/hu\/marketing-audit\/\" \/>\n<meta property=\"og:locale\" content=\"hu_HU\" \/>\n<meta property=\"og:type\" content=\"article\" \/>\n<meta property=\"og:title\" content=\"Marketing audit - Creathink\" \/>\n<meta property=\"og:description\" content=\"K\u00e9szen \u00e1llsz a szintl\u00e9p\u00e9sre? Nem hisz\u00fcnk a felesleges k\u00f6r\u00f6kben. \u00cdrj nek\u00fcnk, \u00e9s n\u00e9zz\u00fck meg, megvan-e k\u00f6zt\u00fcnk a k\u00e9mia? \u00edrj nek\u00fcnk zsolt.lender@creathinkads.eu k\u00f6vess be Behance Facebook Instagram Linkedin h\u00edvj minket +40 748 752 723 irod\u00e1nk Maros megye,Koronka,Forr\u00e1s utca 16. sz\u00e1m Kezdj\u00fck egy besz\u00e9lget\u00e9ssel\" \/>\n<meta property=\"og:url\" content=\"https:\/\/creathinkads.ro\/hu\/marketing-audit\/\" \/>\n<meta property=\"og:site_name\" content=\"Creathink\" \/>\n<meta property=\"article:publisher\" content=\"https:\/\/www.facebook.com\/creathinkadvertising\" \/>\n<meta property=\"article:modified_time\" content=\"2026-01-09T13:57:29+00:00\" \/>\n<meta property=\"og:image\" content=\"https:\/\/creathinkads.ro\/wp-content\/uploads\/2025\/12\/brand-masodik-kep.webp\" \/>\n\t<meta property=\"og:image:width\" content=\"1559\" \/>\n\t<meta property=\"og:image:height\" content=\"1199\" \/>\n\t<meta property=\"og:image:type\" content=\"image\/webp\" \/>\n<meta name=\"twitter:card\" content=\"summary_large_image\" \/>\n<script type=\"application\/ld+json\" class=\"yoast-schema-graph\">{\"@context\":\"https:\/\/schema.org\",\"@graph\":[{\"@type\":\"WebPage\",\"@id\":\"https:\/\/creathinkads.ro\/hu\/marketing-audit\/\",\"url\":\"https:\/\/creathinkads.ro\/hu\/marketing-audit\/\",\"name\":\"Marketing audit - Creathink\",\"isPartOf\":{\"@id\":\"https:\/\/creathinkads.ro\/hu\/#website\"},\"datePublished\":\"2025-12-10T12:23:01+00:00\",\"dateModified\":\"2026-01-09T13:57:29+00:00\",\"breadcrumb\":{\"@id\":\"https:\/\/creathinkads.ro\/hu\/marketing-audit\/#breadcrumb\"},\"inLanguage\":\"hu\",\"potentialAction\":[{\"@type\":\"ReadAction\",\"target\":[\"https:\/\/creathinkads.ro\/hu\/marketing-audit\/\"]}]},{\"@type\":\"BreadcrumbList\",\"@id\":\"https:\/\/creathinkads.ro\/hu\/marketing-audit\/#breadcrumb\",\"itemListElement\":[{\"@type\":\"ListItem\",\"position\":1,\"name\":\"Kezd\u0151lap\",\"item\":\"https:\/\/creathinkads.ro\/hu\/\"},{\"@type\":\"ListItem\",\"position\":2,\"name\":\"Marketing audit\"}]},{\"@type\":\"WebSite\",\"@id\":\"https:\/\/creathinkads.ro\/hu\/#website\",\"url\":\"https:\/\/creathinkads.ro\/hu\/\",\"name\":\"Creathinkads\",\"description\":\"\",\"publisher\":{\"@id\":\"https:\/\/creathinkads.ro\/hu\/#organization\"},\"potentialAction\":[{\"@type\":\"SearchAction\",\"target\":{\"@type\":\"EntryPoint\",\"urlTemplate\":\"https:\/\/creathinkads.ro\/hu\/?s={search_term_string}\"},\"query-input\":{\"@type\":\"PropertyValueSpecification\",\"valueRequired\":true,\"valueName\":\"search_term_string\"}}],\"inLanguage\":\"hu\"},{\"@type\":\"Organization\",\"@id\":\"https:\/\/creathinkads.ro\/hu\/#organization\",\"name\":\"Creathink Advertising\",\"url\":\"https:\/\/creathinkads.ro\/hu\/\",\"logo\":{\"@type\":\"ImageObject\",\"inLanguage\":\"hu\",\"@id\":\"https:\/\/creathinkads.ro\/hu\/#\/schema\/logo\/image\/\",\"url\":\"https:\/\/creathinkads.eu\/wp-content\/uploads\/2025\/05\/Creathink_logo_gradient_200.png\",\"contentUrl\":\"https:\/\/creathinkads.eu\/wp-content\/uploads\/2025\/05\/Creathink_logo_gradient_200.png\",\"width\":200,\"height\":58,\"caption\":\"Creathink Advertising\"},\"image\":{\"@id\":\"https:\/\/creathinkads.ro\/hu\/#\/schema\/logo\/image\/\"},\"sameAs\":[\"https:\/\/www.facebook.com\/creathinkadvertising\",\"https:\/\/www.instagram.com\/creathink.advertising\",\"https:\/\/www.linkedin.com\/company\/creathink-advertising\",\"https:\/\/www.behance.net\/creathinkads\"]}]}<\/script>\n<!-- \/ Yoast SEO plugin. -->","yoast_head_json":{"title":"Marketing audit - Creathink","robots":{"index":"index","follow":"follow","max-snippet":"max-snippet:-1","max-image-preview":"max-image-preview:large","max-video-preview":"max-video-preview:-1"},"canonical":"https:\/\/creathinkads.ro\/hu\/marketing-audit\/","og_locale":"hu_HU","og_type":"article","og_title":"Marketing audit - Creathink","og_description":"K\u00e9szen \u00e1llsz a szintl\u00e9p\u00e9sre? Nem hisz\u00fcnk a felesleges k\u00f6r\u00f6kben. \u00cdrj nek\u00fcnk, \u00e9s n\u00e9zz\u00fck meg, megvan-e k\u00f6zt\u00fcnk a k\u00e9mia? \u00edrj nek\u00fcnk zsolt.lender@creathinkads.eu k\u00f6vess be Behance Facebook Instagram Linkedin h\u00edvj minket +40 748 752 723 irod\u00e1nk Maros megye,Koronka,Forr\u00e1s utca 16. sz\u00e1m Kezdj\u00fck egy besz\u00e9lget\u00e9ssel","og_url":"https:\/\/creathinkads.ro\/hu\/marketing-audit\/","og_site_name":"Creathink","article_publisher":"https:\/\/www.facebook.com\/creathinkadvertising","article_modified_time":"2026-01-09T13:57:29+00:00","og_image":[{"width":1559,"height":1199,"url":"https:\/\/creathinkads.ro\/wp-content\/uploads\/2025\/12\/brand-masodik-kep.webp","type":"image\/webp"}],"twitter_card":"summary_large_image","schema":{"@context":"https:\/\/schema.org","@graph":[{"@type":"WebPage","@id":"https:\/\/creathinkads.ro\/hu\/marketing-audit\/","url":"https:\/\/creathinkads.ro\/hu\/marketing-audit\/","name":"Marketing audit - Creathink","isPartOf":{"@id":"https:\/\/creathinkads.ro\/hu\/#website"},"datePublished":"2025-12-10T12:23:01+00:00","dateModified":"2026-01-09T13:57:29+00:00","breadcrumb":{"@id":"https:\/\/creathinkads.ro\/hu\/marketing-audit\/#breadcrumb"},"inLanguage":"hu","potentialAction":[{"@type":"ReadAction","target":["https:\/\/creathinkads.ro\/hu\/marketing-audit\/"]}]},{"@type":"BreadcrumbList","@id":"https:\/\/creathinkads.ro\/hu\/marketing-audit\/#breadcrumb","itemListElement":[{"@type":"ListItem","position":1,"name":"Kezd\u0151lap","item":"https:\/\/creathinkads.ro\/hu\/"},{"@type":"ListItem","position":2,"name":"Marketing audit"}]},{"@type":"WebSite","@id":"https:\/\/creathinkads.ro\/hu\/#website","url":"https:\/\/creathinkads.ro\/hu\/","name":"Creathinkads","description":"","publisher":{"@id":"https:\/\/creathinkads.ro\/hu\/#organization"},"potentialAction":[{"@type":"SearchAction","target":{"@type":"EntryPoint","urlTemplate":"https:\/\/creathinkads.ro\/hu\/?s={search_term_string}"},"query-input":{"@type":"PropertyValueSpecification","valueRequired":true,"valueName":"search_term_string"}}],"inLanguage":"hu"},{"@type":"Organization","@id":"https:\/\/creathinkads.ro\/hu\/#organization","name":"Creathink Advertising","url":"https:\/\/creathinkads.ro\/hu\/","logo":{"@type":"ImageObject","inLanguage":"hu","@id":"https:\/\/creathinkads.ro\/hu\/#\/schema\/logo\/image\/","url":"https:\/\/creathinkads.eu\/wp-content\/uploads\/2025\/05\/Creathink_logo_gradient_200.png","contentUrl":"https:\/\/creathinkads.eu\/wp-content\/uploads\/2025\/05\/Creathink_logo_gradient_200.png","width":200,"height":58,"caption":"Creathink Advertising"},"image":{"@id":"https:\/\/creathinkads.ro\/hu\/#\/schema\/logo\/image\/"},"sameAs":["https:\/\/www.facebook.com\/creathinkadvertising","https:\/\/www.instagram.com\/creathink.advertising","https:\/\/www.linkedin.com\/company\/creathink-advertising","https:\/\/www.behance.net\/creathinkads"]}]}},"_links":{"self":[{"href":"https:\/\/creathinkads.ro\/hu\/wp-json\/wp\/v2\/pages\/4528","targetHints":{"allow":["GET"]}}],"collection":[{"href":"https:\/\/creathinkads.ro\/hu\/wp-json\/wp\/v2\/pages"}],"about":[{"href":"https:\/\/creathinkads.ro\/hu\/wp-json\/wp\/v2\/types\/page"}],"author":[{"embeddable":true,"href":"https:\/\/creathinkads.ro\/hu\/wp-json\/wp\/v2\/users\/1"}],"replies":[{"embeddable":true,"href":"https:\/\/creathinkads.ro\/hu\/wp-json\/wp\/v2\/comments?post=4528"}],"version-history":[{"count":17,"href":"https:\/\/creathinkads.ro\/hu\/wp-json\/wp\/v2\/pages\/4528\/revisions"}],"predecessor-version":[{"id":5939,"href":"https:\/\/creathinkads.ro\/hu\/wp-json\/wp\/v2\/pages\/4528\/revisions\/5939"}],"wp:attachment":[{"href":"https:\/\/creathinkads.ro\/hu\/wp-json\/wp\/v2\/media?parent=4528"}],"curies":[{"name":"wp","href":"https:\/\/api.w.org\/{rel}","templated":true}]}}