{"id":2859,"date":"2025-06-03T08:54:35","date_gmt":"2025-06-03T08:54:35","guid":{"rendered":"https:\/\/crt-staging.okoinformatika.ro\/contact-us\/"},"modified":"2026-01-09T15:58:41","modified_gmt":"2026-01-09T13:58:41","slug":"kapcsolat","status":"publish","type":"page","link":"https:\/\/creathinkads.ro\/hu\/kapcsolat\/","title":{"rendered":"Kapcsolat"},"content":{"rendered":"\t\t<div data-elementor-type=\"wp-page\" data-elementor-id=\"2859\" class=\"elementor elementor-2859\" data-elementor-post-type=\"page\">\n\t\t\t\t<div class=\"elementor-element elementor-element-2bcff08 e-con-full e-flex e-con e-parent\" data-id=\"2bcff08\" data-element_type=\"container\" id=\"contact-form\">\n\t\t<div class=\"elementor-element elementor-element-f6d5f17 e-con-full e-grid e-con e-child\" data-id=\"f6d5f17\" data-element_type=\"container\" data-settings=\"{&quot;background_background&quot;:&quot;gradient&quot;}\">\n\t\t<div class=\"elementor-element elementor-element-0c0b18c e-con-full e-flex e-con e-child\" data-id=\"0c0b18c\" data-element_type=\"container\">\n\t\t\t\t<div class=\"elementor-element-custom_color elementor-element elementor-element-988b2df elementor-widget elementor-widget-text-editor\" data-id=\"988b2df\" data-element_type=\"widget\" data-widget_type=\"text-editor.default\">\n\t\t\t\t<div class=\"elementor-widget-container\">\n\t\t\t\t\t\t\t\t\t<h2>Ind\u00edtsuk be a n\u00f6veked\u00e9st.<\/h2>\t\t\t\t\t\t\t\t<\/div>\n\t\t\t\t<\/div>\n\t\t\t\t<div class=\"elementor-element-custom_font_size elementor-element-custom_color elementor-element elementor-element-0df1ca4 elementor-widget elementor-widget-text-editor\" data-id=\"0df1ca4\" data-element_type=\"widget\" data-widget_type=\"text-editor.default\">\n\t\t\t\t<div class=\"elementor-widget-container\">\n\t\t\t\t\t\t\t\t\t<h4>K\u00e9szen \u00e1llsz? Mi m\u00e1r v\u00e1rjuk, hogy halljunk a projektedr\u0151l.<\/h4>\t\t\t\t\t\t\t\t<\/div>\n\t\t\t\t<\/div>\n\t\t<div class=\"elementor-element elementor-element-cac45e5 e-grid gt3-container-margin e-con-full e-con e-child\" data-id=\"cac45e5\" data-element_type=\"container\">\n\t\t<div class=\"elementor-element elementor-element-8db53f8 e-con-full e-flex e-con e-child\" data-id=\"8db53f8\" data-element_type=\"container\">\n\t\t\t\t<div class=\"elementor-element-custom_font_size elementor-element-custom_font_weight elementor-element-custom_color elementor-element elementor-element-19c014b elementor-widget elementor-widget-text-editor\" data-id=\"19c014b\" data-element_type=\"widget\" data-widget_type=\"text-editor.default\">\n\t\t\t\t<div class=\"elementor-widget-container\">\n\t\t\t\t\t\t\t\t\t<p>\u00edrj nek\u00fcnk<\/p>\t\t\t\t\t\t\t\t<\/div>\n\t\t\t\t<\/div>\n\t\t\t\t<div class=\"elementor-element-custom_font_size elementor-element-custom_font_size_tablet elementor-element-custom_color elementor-element elementor-element-489f345 elementor-widget elementor-widget-text-editor\" data-id=\"489f345\" data-element_type=\"widget\" data-widget_type=\"text-editor.default\">\n\t\t\t\t<div class=\"elementor-widget-container\">\n\t\t\t\t\t\t\t\t\t<p>zsolt.lender@creathinkads.eu<\/p>\t\t\t\t\t\t\t\t<\/div>\n\t\t\t\t<\/div>\n\t\t\t\t<\/div>\n\t\t<div class=\"elementor-element elementor-element-06b554c e-con-full e-flex e-con e-child\" data-id=\"06b554c\" data-element_type=\"container\">\n\t\t\t\t<div class=\"elementor-element-custom_font_size elementor-element-custom_font_weight elementor-element-custom_color elementor-element elementor-element-d985134 elementor-widget elementor-widget-text-editor\" data-id=\"d985134\" data-element_type=\"widget\" data-widget_type=\"text-editor.default\">\n\t\t\t\t<div class=\"elementor-widget-container\">\n\t\t\t\t\t\t\t\t\t<p>k\u00f6vess be<\/p>\t\t\t\t\t\t\t\t<\/div>\n\t\t\t\t<\/div>\n\t\t\t\t<div class=\"elementor-element elementor-element-de49644 e-grid-align-left elementor-shape-rounded elementor-grid-0 elementor-widget elementor-widget-social-icons\" data-id=\"de49644\" data-element_type=\"widget\" data-widget_type=\"social-icons.default\">\n\t\t\t\t<div class=\"elementor-widget-container\">\n\t\t\t\t\t\t\t<div class=\"elementor-social-icons-wrapper elementor-grid\" role=\"list\">\n\t\t\t\t\t\t\t<span class=\"elementor-grid-item\" role=\"listitem\">\n\t\t\t\t\t<a class=\"elementor-icon elementor-social-icon elementor-social-icon-behance elementor-animation-bounce-in elementor-repeater-item-08ec3fd\" href=\"https:\/\/www.behance.net\/creathinkads\" target=\"_blank\">\n\t\t\t\t\t\t<span class=\"elementor-screen-only\">Behance<\/span>\n\t\t\t\t\t\t<i aria-hidden=\"true\" class=\"fab fa-behance\"><\/i>\t\t\t\t\t<\/a>\n\t\t\t\t<\/span>\n\t\t\t\t\t\t\t<span class=\"elementor-grid-item\" role=\"listitem\">\n\t\t\t\t\t<a class=\"elementor-icon elementor-social-icon elementor-social-icon-facebook elementor-animation-bounce-in elementor-repeater-item-94ac61d\" href=\"https:\/\/www.facebook.com\/creathinkadvertising\" target=\"_blank\">\n\t\t\t\t\t\t<span class=\"elementor-screen-only\">Facebook<\/span>\n\t\t\t\t\t\t<i aria-hidden=\"true\" class=\"fab fa-facebook\"><\/i>\t\t\t\t\t<\/a>\n\t\t\t\t<\/span>\n\t\t\t\t\t\t\t<span class=\"elementor-grid-item\" role=\"listitem\">\n\t\t\t\t\t<a class=\"elementor-icon elementor-social-icon elementor-social-icon-instagram elementor-animation-bounce-in elementor-repeater-item-e44c759\" href=\"https:\/\/www.instagram.com\/creathink.advertising\/\" target=\"_blank\">\n\t\t\t\t\t\t<span class=\"elementor-screen-only\">Instagram<\/span>\n\t\t\t\t\t\t<i aria-hidden=\"true\" class=\"fab fa-instagram\"><\/i>\t\t\t\t\t<\/a>\n\t\t\t\t<\/span>\n\t\t\t\t\t\t\t<span class=\"elementor-grid-item\" role=\"listitem\">\n\t\t\t\t\t<a class=\"elementor-icon elementor-social-icon elementor-social-icon-linkedin elementor-animation-bounce-in elementor-repeater-item-51ee6a8\" href=\"https:\/\/www.linkedin.com\/company\/creathink-advertising\" target=\"_blank\">\n\t\t\t\t\t\t<span class=\"elementor-screen-only\">Linkedin<\/span>\n\t\t\t\t\t\t<i aria-hidden=\"true\" class=\"fab fa-linkedin\"><\/i>\t\t\t\t\t<\/a>\n\t\t\t\t<\/span>\n\t\t\t\t\t<\/div>\n\t\t\t\t\t\t<\/div>\n\t\t\t\t<\/div>\n\t\t\t\t<\/div>\n\t\t<div class=\"elementor-element elementor-element-c5509a2 e-con-full e-flex e-con e-child\" data-id=\"c5509a2\" data-element_type=\"container\">\n\t\t\t\t<div class=\"elementor-element-custom_font_size elementor-element-custom_font_weight elementor-element-custom_color elementor-element elementor-element-0f4c158 elementor-widget elementor-widget-text-editor\" data-id=\"0f4c158\" data-element_type=\"widget\" data-widget_type=\"text-editor.default\">\n\t\t\t\t<div class=\"elementor-widget-container\">\n\t\t\t\t\t\t\t\t\t<p>h\u00edvj minket<\/p>\t\t\t\t\t\t\t\t<\/div>\n\t\t\t\t<\/div>\n\t\t\t\t<div class=\"elementor-element-custom_font_size elementor-element-custom_font_size_tablet elementor-element-custom_line_height elementor-element-custom_color elementor-element elementor-element-9a4f240 elementor-widget elementor-widget-text-editor\" data-id=\"9a4f240\" data-element_type=\"widget\" data-widget_type=\"text-editor.default\">\n\t\t\t\t<div class=\"elementor-widget-container\">\n\t\t\t\t\t\t\t\t\t<p>+40 748 752 723<\/p>\t\t\t\t\t\t\t\t<\/div>\n\t\t\t\t<\/div>\n\t\t\t\t<\/div>\n\t\t<div class=\"elementor-element elementor-element-49a4f19 e-con-full e-flex e-con e-child\" data-id=\"49a4f19\" data-element_type=\"container\">\n\t\t\t\t<div class=\"elementor-element-custom_font_size elementor-element-custom_font_weight elementor-element-custom_color elementor-element elementor-element-640b514 elementor-widget elementor-widget-text-editor\" data-id=\"640b514\" data-element_type=\"widget\" data-widget_type=\"text-editor.default\">\n\t\t\t\t<div class=\"elementor-widget-container\">\n\t\t\t\t\t\t\t\t\t<p>irod\u00e1nk<\/p>\t\t\t\t\t\t\t\t<\/div>\n\t\t\t\t<\/div>\n\t\t\t\t<div class=\"elementor-element-custom_font_size elementor-element-custom_font_size_tablet elementor-element-custom_line_height elementor-element-custom_color elementor-element elementor-element-f8e57da elementor-widget elementor-widget-text-editor\" data-id=\"f8e57da\" data-element_type=\"widget\" data-widget_type=\"text-editor.default\">\n\t\t\t\t<div class=\"elementor-widget-container\">\n\t\t\t\t\t\t\t\t\t<p>Maros megye,<br \/>Koronka,<br \/>Forr\u00e1s utca 16. sz\u00e1m<\/p>\t\t\t\t\t\t\t\t<\/div>\n\t\t\t\t<\/div>\n\t\t\t\t<\/div>\n\t\t\t\t<\/div>\n\t\t\t\t<\/div>\n\t\t<div class=\"elementor-element elementor-element-ca24807 e-con-full gt3-box-postion-decor e-flex e-con e-child\" data-id=\"ca24807\" data-element_type=\"container\" data-settings=\"{&quot;background_background&quot;:&quot;classic&quot;}\">\n\t\t\t\t<div class=\"elementor-element elementor-element-9bdf2d5 elementor-widget elementor-widget-text-editor\" data-id=\"9bdf2d5\" data-element_type=\"widget\" data-widget_type=\"text-editor.default\">\n\t\t\t\t<div class=\"elementor-widget-container\">\n\t\t\t\t\t\t\t\t\t<h4>V\u00e1lassz szolg\u00e1ltat\u00e1st a c\u00e9ljaidhoz<\/h4>\t\t\t\t\t\t\t\t<\/div>\n\t\t\t\t<\/div>\n\t\t\t\t<div class=\"elementor-element elementor-element-cfaa7bf elementor-widget elementor-widget-shortcode\" data-id=\"cfaa7bf\" data-element_type=\"widget\" data-widget_type=\"shortcode.default\">\n\t\t\t\t<div class=\"elementor-widget-container\">\n\t\t\t\t\t\t\t<div class=\"elementor-shortcode\">\n<div class=\"wpcf7 no-js\" id=\"wpcf7-f4555-o1\" lang=\"hu-HU\" dir=\"ltr\" data-wpcf7-id=\"4555\">\n<div class=\"screen-reader-response\"><p role=\"status\" aria-live=\"polite\" aria-atomic=\"true\"><\/p> <ul><\/ul><\/div>\n<form action=\"\/hu\/wp-json\/wp\/v2\/pages\/2859#wpcf7-f4555-o1\" method=\"post\" class=\"wpcf7-form init\" aria-label=\"Kapcsolatfelv\u00e9teli \u0171rlap\" novalidate=\"novalidate\" data-status=\"init\">\n<fieldset class=\"hidden-fields-container\"><input type=\"hidden\" name=\"_wpcf7\" value=\"4555\" \/><input type=\"hidden\" name=\"_wpcf7_version\" value=\"6.1.4\" \/><input type=\"hidden\" name=\"_wpcf7_locale\" value=\"hu_HU\" \/><input type=\"hidden\" name=\"_wpcf7_unit_tag\" value=\"wpcf7-f4555-o1\" \/><input type=\"hidden\" name=\"_wpcf7_container_post\" value=\"0\" \/><input type=\"hidden\" name=\"_wpcf7_posted_data_hash\" value=\"\" \/><input type=\"hidden\" name=\"_wpcf7_recaptcha_response\" value=\"\" \/>\n<\/fieldset>\n<p><span class=\"wpcf7-form-control-wrap\" data-name=\"your-name\"><input size=\"40\" maxlength=\"400\" class=\"wpcf7-form-control wpcf7-text wpcf7-validates-as-required\" aria-required=\"true\" aria-invalid=\"false\" placeholder=\"A neved*\" value=\"\" type=\"text\" name=\"your-name\" \/><\/span>\n<\/p>\n<p><span class=\"wpcf7-form-control-wrap\" data-name=\"your-email\"><input size=\"40\" maxlength=\"400\" class=\"wpcf7-form-control wpcf7-email wpcf7-validates-as-required wpcf7-text wpcf7-validates-as-email\" aria-required=\"true\" aria-invalid=\"false\" placeholder=\"E-mail c\u00edmed*\" value=\"\" type=\"email\" name=\"your-email\" \/><\/span>\n<\/p>\n<p><span class=\"wpcf7-form-control-wrap\" data-name=\"company\"><input size=\"40\" maxlength=\"400\" class=\"wpcf7-form-control wpcf7-text\" aria-invalid=\"false\" placeholder=\"C\u00e9gn\u00e9v\" value=\"\" type=\"text\" name=\"company\" \/><\/span>\n<\/p>\n<p><span class=\"wpcf7-form-control-wrap\" data-name=\"vatnr\"><input size=\"40\" maxlength=\"400\" class=\"wpcf7-form-control wpcf7-text\" aria-invalid=\"false\" placeholder=\"Ad\u00f3sz\u00e1m\" value=\"\" type=\"text\" name=\"vatnr\" \/><\/span>\n<\/p>\n<p>Melyik szolg\u00e1ltat\u00e1sunk \u00e9rdekel?<br \/>\n<span class=\"wpcf7-form-control-wrap\" data-name=\"service\"><span class=\"wpcf7-form-control wpcf7-checkbox\"><span class=\"wpcf7-list-item first\"><input type=\"checkbox\" name=\"service[]\" value=\"Strat\u00e9gia\" \/><span class=\"wpcf7-list-item-label\">Strat\u00e9gia<\/span><\/span><span class=\"wpcf7-list-item\"><input type=\"checkbox\" name=\"service[]\" value=\"Brand\u00e9p\u00edt\u00e9s\" \/><span class=\"wpcf7-list-item-label\">Brand\u00e9p\u00edt\u00e9s<\/span><\/span><span class=\"wpcf7-list-item last\"><input type=\"checkbox\" name=\"service[]\" value=\"Optimaliz\u00e1lt marketing\" \/><span class=\"wpcf7-list-item-label\">Optimaliz\u00e1lt marketing<\/span><\/span><\/span><\/span>\n<\/p>\n<p class=\"mt-sm\"><span class=\"wpcf7-form-control-wrap\" data-name=\"your-message\"><textarea cols=\"40\" rows=\"10\" maxlength=\"2000\" class=\"wpcf7-form-control wpcf7-textarea\" aria-invalid=\"false\" placeholder=\"Miben seg\u00edthet\u00fcnk?\" name=\"your-message\"><\/textarea><\/span>\n<\/p>\n<p><span class=\"wpcf7-form-control-wrap\" data-name=\"acceptance-260\"><span class=\"wpcf7-form-control wpcf7-acceptance\"><span class=\"wpcf7-list-item\"><label><input type=\"checkbox\" name=\"acceptance-260\" value=\"1\" aria-invalid=\"false\" \/><span class=\"wpcf7-list-item-label\">Beleegyezek a megadott adataim, a v\u00e1laszad\u00e1s \u00e9rdek\u00e9ben t\u00f6rt\u00e9n\u0151, az adott oldalon val\u00f3 t\u00e1rol\u00e1s\u00e1hoz \u00e9s kezel\u00e9s\u00e9hez.<\/span><\/label><\/span><\/span><\/span>\n<\/p>\n<p><input class=\"wpcf7-form-control wpcf7-submit has-spinner\" type=\"submit\" value=\"\u00dczenet k\u00fcld\u00e9se\" \/>\n<\/p><div class=\"wpcf7-response-output\" aria-hidden=\"true\"><\/div>\n<\/form>\n<\/div>\n<\/div>\n\t\t\t\t\t\t<\/div>\n\t\t\t\t<\/div>\n\t\t\t\t<\/div>\n\t\t\t\t<\/div>\n\t\t\t\t<\/div>\n\t\t<div class=\"elementor-element elementor-element-43cdfc4 e-con-full e-flex e-con e-parent\" data-id=\"43cdfc4\" data-element_type=\"container\">\n\t\t\t\t<div class=\"elementor-element elementor-element-0ceb9a7 elementor-widget elementor-widget-google_maps\" data-id=\"0ceb9a7\" data-element_type=\"widget\" data-widget_type=\"google_maps.default\">\n\t\t\t\t<div class=\"elementor-widget-container\">\n\t\t\t\t\t\t\t<div class=\"elementor-custom-embed\">\n\t\t\t<iframe loading=\"lazy\"\n\t\t\t\t\tsrc=\"https:\/\/maps.google.com\/maps?q=corunca%2C%20izvorului%2016&#038;t=m&#038;z=14&#038;output=embed&#038;iwloc=near\"\n\t\t\t\t\ttitle=\"corunca, izvorului 16\"\n\t\t\t\t\taria-label=\"corunca, izvorului 16\"\n\t\t\t><\/iframe>\n\t\t<\/div>\n\t\t\t\t\t\t<\/div>\n\t\t\t\t<\/div>\n\t\t\t\t<\/div>\n\t\t\t\t<\/div>\n\t\t","protected":false},"excerpt":{"rendered":"<p>Ind\u00edtsuk be a n\u00f6veked\u00e9st. K\u00e9szen \u00e1llsz? Mi m\u00e1r v\u00e1rjuk, hogy halljunk a projektedr\u0151l. \u00edrj nek\u00fcnk zsolt.lender@creathinkads.eu k\u00f6vess be Behance Facebook Instagram Linkedin h\u00edvj minket +40 748 752 723 irod\u00e1nk Maros megye,Koronka,Forr\u00e1s utca 16. sz\u00e1m V\u00e1lassz szolg\u00e1ltat\u00e1st a c\u00e9ljaidhoz<\/p>\n","protected":false},"author":1,"featured_media":0,"parent":0,"menu_order":0,"comment_status":"closed","ping_status":"closed","template":"","meta":{"footnotes":""},"class_list":["post-2859","page","type-page","status-publish","hentry"],"yoast_head":"<!-- This site is optimized with the Yoast SEO plugin v26.7 - https:\/\/yoast.com\/wordpress\/plugins\/seo\/ -->\n<title>Kapcsolat - Creathink<\/title>\n<meta name=\"robots\" content=\"index, follow, max-snippet:-1, max-image-preview:large, max-video-preview:-1\" \/>\n<link rel=\"canonical\" href=\"https:\/\/creathinkads.ro\/hu\/kapcsolat\/\" \/>\n<meta property=\"og:locale\" content=\"hu_HU\" \/>\n<meta property=\"og:type\" content=\"article\" \/>\n<meta property=\"og:title\" content=\"Kapcsolat - Creathink\" \/>\n<meta property=\"og:description\" content=\"Ind\u00edtsuk be a n\u00f6veked\u00e9st. K\u00e9szen \u00e1llsz? Mi m\u00e1r v\u00e1rjuk, hogy halljunk a projektedr\u0151l. \u00edrj nek\u00fcnk zsolt.lender@creathinkads.eu k\u00f6vess be Behance Facebook Instagram Linkedin h\u00edvj minket +40 748 752 723 irod\u00e1nk Maros megye,Koronka,Forr\u00e1s utca 16. sz\u00e1m V\u00e1lassz szolg\u00e1ltat\u00e1st a c\u00e9ljaidhoz\" \/>\n<meta property=\"og:url\" content=\"https:\/\/creathinkads.ro\/hu\/kapcsolat\/\" \/>\n<meta property=\"og:site_name\" content=\"Creathink\" \/>\n<meta property=\"article:publisher\" content=\"https:\/\/www.facebook.com\/creathinkadvertising\" \/>\n<meta property=\"article:modified_time\" content=\"2026-01-09T13:58:41+00:00\" \/>\n<meta property=\"og:image\" content=\"https:\/\/creathinkads.ro\/wp-content\/uploads\/2025\/12\/brand-masodik-kep.webp\" \/>\n\t<meta property=\"og:image:width\" content=\"1559\" \/>\n\t<meta property=\"og:image:height\" content=\"1199\" \/>\n\t<meta property=\"og:image:type\" content=\"image\/webp\" \/>\n<meta name=\"twitter:card\" content=\"summary_large_image\" \/>\n<script type=\"application\/ld+json\" class=\"yoast-schema-graph\">{\"@context\":\"https:\/\/schema.org\",\"@graph\":[{\"@type\":\"WebPage\",\"@id\":\"https:\/\/creathinkads.ro\/hu\/kapcsolat\/\",\"url\":\"https:\/\/creathinkads.ro\/hu\/kapcsolat\/\",\"name\":\"Kapcsolat - Creathink\",\"isPartOf\":{\"@id\":\"https:\/\/creathinkads.ro\/hu\/#website\"},\"datePublished\":\"2025-06-03T08:54:35+00:00\",\"dateModified\":\"2026-01-09T13:58:41+00:00\",\"breadcrumb\":{\"@id\":\"https:\/\/creathinkads.ro\/hu\/kapcsolat\/#breadcrumb\"},\"inLanguage\":\"hu\",\"potentialAction\":[{\"@type\":\"ReadAction\",\"target\":[\"https:\/\/creathinkads.ro\/hu\/kapcsolat\/\"]}]},{\"@type\":\"BreadcrumbList\",\"@id\":\"https:\/\/creathinkads.ro\/hu\/kapcsolat\/#breadcrumb\",\"itemListElement\":[{\"@type\":\"ListItem\",\"position\":1,\"name\":\"Kezd\u0151lap\",\"item\":\"https:\/\/creathinkads.ro\/hu\/\"},{\"@type\":\"ListItem\",\"position\":2,\"name\":\"Kapcsolat\"}]},{\"@type\":\"WebSite\",\"@id\":\"https:\/\/creathinkads.ro\/hu\/#website\",\"url\":\"https:\/\/creathinkads.ro\/hu\/\",\"name\":\"Creathinkads\",\"description\":\"\",\"publisher\":{\"@id\":\"https:\/\/creathinkads.ro\/hu\/#organization\"},\"potentialAction\":[{\"@type\":\"SearchAction\",\"target\":{\"@type\":\"EntryPoint\",\"urlTemplate\":\"https:\/\/creathinkads.ro\/hu\/?s={search_term_string}\"},\"query-input\":{\"@type\":\"PropertyValueSpecification\",\"valueRequired\":true,\"valueName\":\"search_term_string\"}}],\"inLanguage\":\"hu\"},{\"@type\":\"Organization\",\"@id\":\"https:\/\/creathinkads.ro\/hu\/#organization\",\"name\":\"Creathink Advertising\",\"url\":\"https:\/\/creathinkads.ro\/hu\/\",\"logo\":{\"@type\":\"ImageObject\",\"inLanguage\":\"hu\",\"@id\":\"https:\/\/creathinkads.ro\/hu\/#\/schema\/logo\/image\/\",\"url\":\"https:\/\/creathinkads.eu\/wp-content\/uploads\/2025\/05\/Creathink_logo_gradient_200.png\",\"contentUrl\":\"https:\/\/creathinkads.eu\/wp-content\/uploads\/2025\/05\/Creathink_logo_gradient_200.png\",\"width\":200,\"height\":58,\"caption\":\"Creathink Advertising\"},\"image\":{\"@id\":\"https:\/\/creathinkads.ro\/hu\/#\/schema\/logo\/image\/\"},\"sameAs\":[\"https:\/\/www.facebook.com\/creathinkadvertising\",\"https:\/\/www.instagram.com\/creathink.advertising\",\"https:\/\/www.linkedin.com\/company\/creathink-advertising\",\"https:\/\/www.behance.net\/creathinkads\"]}]}<\/script>\n<!-- \/ Yoast SEO plugin. -->","yoast_head_json":{"title":"Kapcsolat - Creathink","robots":{"index":"index","follow":"follow","max-snippet":"max-snippet:-1","max-image-preview":"max-image-preview:large","max-video-preview":"max-video-preview:-1"},"canonical":"https:\/\/creathinkads.ro\/hu\/kapcsolat\/","og_locale":"hu_HU","og_type":"article","og_title":"Kapcsolat - Creathink","og_description":"Ind\u00edtsuk be a n\u00f6veked\u00e9st. K\u00e9szen \u00e1llsz? Mi m\u00e1r v\u00e1rjuk, hogy halljunk a projektedr\u0151l. \u00edrj nek\u00fcnk zsolt.lender@creathinkads.eu k\u00f6vess be Behance Facebook Instagram Linkedin h\u00edvj minket +40 748 752 723 irod\u00e1nk Maros megye,Koronka,Forr\u00e1s utca 16. sz\u00e1m V\u00e1lassz szolg\u00e1ltat\u00e1st a c\u00e9ljaidhoz","og_url":"https:\/\/creathinkads.ro\/hu\/kapcsolat\/","og_site_name":"Creathink","article_publisher":"https:\/\/www.facebook.com\/creathinkadvertising","article_modified_time":"2026-01-09T13:58:41+00:00","og_image":[{"width":1559,"height":1199,"url":"https:\/\/creathinkads.ro\/wp-content\/uploads\/2025\/12\/brand-masodik-kep.webp","type":"image\/webp"}],"twitter_card":"summary_large_image","schema":{"@context":"https:\/\/schema.org","@graph":[{"@type":"WebPage","@id":"https:\/\/creathinkads.ro\/hu\/kapcsolat\/","url":"https:\/\/creathinkads.ro\/hu\/kapcsolat\/","name":"Kapcsolat - Creathink","isPartOf":{"@id":"https:\/\/creathinkads.ro\/hu\/#website"},"datePublished":"2025-06-03T08:54:35+00:00","dateModified":"2026-01-09T13:58:41+00:00","breadcrumb":{"@id":"https:\/\/creathinkads.ro\/hu\/kapcsolat\/#breadcrumb"},"inLanguage":"hu","potentialAction":[{"@type":"ReadAction","target":["https:\/\/creathinkads.ro\/hu\/kapcsolat\/"]}]},{"@type":"BreadcrumbList","@id":"https:\/\/creathinkads.ro\/hu\/kapcsolat\/#breadcrumb","itemListElement":[{"@type":"ListItem","position":1,"name":"Kezd\u0151lap","item":"https:\/\/creathinkads.ro\/hu\/"},{"@type":"ListItem","position":2,"name":"Kapcsolat"}]},{"@type":"WebSite","@id":"https:\/\/creathinkads.ro\/hu\/#website","url":"https:\/\/creathinkads.ro\/hu\/","name":"Creathinkads","description":"","publisher":{"@id":"https:\/\/creathinkads.ro\/hu\/#organization"},"potentialAction":[{"@type":"SearchAction","target":{"@type":"EntryPoint","urlTemplate":"https:\/\/creathinkads.ro\/hu\/?s={search_term_string}"},"query-input":{"@type":"PropertyValueSpecification","valueRequired":true,"valueName":"search_term_string"}}],"inLanguage":"hu"},{"@type":"Organization","@id":"https:\/\/creathinkads.ro\/hu\/#organization","name":"Creathink Advertising","url":"https:\/\/creathinkads.ro\/hu\/","logo":{"@type":"ImageObject","inLanguage":"hu","@id":"https:\/\/creathinkads.ro\/hu\/#\/schema\/logo\/image\/","url":"https:\/\/creathinkads.eu\/wp-content\/uploads\/2025\/05\/Creathink_logo_gradient_200.png","contentUrl":"https:\/\/creathinkads.eu\/wp-content\/uploads\/2025\/05\/Creathink_logo_gradient_200.png","width":200,"height":58,"caption":"Creathink Advertising"},"image":{"@id":"https:\/\/creathinkads.ro\/hu\/#\/schema\/logo\/image\/"},"sameAs":["https:\/\/www.facebook.com\/creathinkadvertising","https:\/\/www.instagram.com\/creathink.advertising","https:\/\/www.linkedin.com\/company\/creathink-advertising","https:\/\/www.behance.net\/creathinkads"]}]}},"_links":{"self":[{"href":"https:\/\/creathinkads.ro\/hu\/wp-json\/wp\/v2\/pages\/2859","targetHints":{"allow":["GET"]}}],"collection":[{"href":"https:\/\/creathinkads.ro\/hu\/wp-json\/wp\/v2\/pages"}],"about":[{"href":"https:\/\/creathinkads.ro\/hu\/wp-json\/wp\/v2\/types\/page"}],"author":[{"embeddable":true,"href":"https:\/\/creathinkads.ro\/hu\/wp-json\/wp\/v2\/users\/1"}],"replies":[{"embeddable":true,"href":"https:\/\/creathinkads.ro\/hu\/wp-json\/wp\/v2\/comments?post=2859"}],"version-history":[{"count":41,"href":"https:\/\/creathinkads.ro\/hu\/wp-json\/wp\/v2\/pages\/2859\/revisions"}],"predecessor-version":[{"id":6235,"href":"https:\/\/creathinkads.ro\/hu\/wp-json\/wp\/v2\/pages\/2859\/revisions\/6235"}],"wp:attachment":[{"href":"https:\/\/creathinkads.ro\/hu\/wp-json\/wp\/v2\/media?parent=2859"}],"curies":[{"name":"wp","href":"https:\/\/api.w.org\/{rel}","templated":true}]}}