{"id":1363,"date":"2025-05-20T11:32:24","date_gmt":"2025-05-20T11:32:24","guid":{"rendered":"https:\/\/crt-staging.okoinformatika.ro\/blog\/"},"modified":"2025-12-19T08:35:09","modified_gmt":"2025-12-19T06:35:09","slug":"tudastar","status":"publish","type":"page","link":"https:\/\/creathinkads.ro\/hu\/tudastar\/","title":{"rendered":"Creathink tud\u00e1st\u00e1r"},"content":{"rendered":"\t\t<div data-elementor-type=\"wp-page\" data-elementor-id=\"1363\" class=\"elementor elementor-1363\" data-elementor-post-type=\"page\">\n\t\t\t\t<div class=\"elementor-element elementor-element-cf28f34 gt3-blog-main e-flex e-con-boxed e-con e-parent\" data-id=\"cf28f34\" data-element_type=\"container\">\n\t\t\t\t\t<div class=\"e-con-inner\">\n\t\t\t\t<div class=\"elementor-element elementor-element-108e215b post_has_media_content-yes elementor-widget elementor-widget-gt3-core-blog\" data-id=\"108e215b\" data-element_type=\"widget\" data-widget_type=\"gt3-core-blog.default\">\n\t\t\t\t<div class=\"elementor-widget-container\">\n\t\t\t\t\t<script type=\"application\/json\" id=\"settings--108e215b\">{\"packery\":false,\"isotope_settings\":{\"layoutMode\":\"masonry\"}}<\/script>\t<div class=\"gt3_module_blog items1  items_type1\">\r\n\t\t\t\t<div class=\"blog_post_preview isotope_item isotope-item  format-standard-image strategia packery_blog_item_1  \">\r\n                        <div class=\"item_wrapper\" >\r\n                            <div class=\"blog_content\"><div class=\"blog_post_media\"><a href=\"https:\/\/creathinkads.ro\/hu\/strategia\/a-marketing-dzsungel-es-a-hozza-valo-utiterv-vagy-miert-erdemes-egy-marketing-tanacsadoval-beszelgetni\/\"><img decoding=\"async\"  srcset=\"https:\/\/creathinkads.ro\/wp-content\/uploads\/2025\/12\/dzsungel-1600x1066.jpeg 1600w, https:\/\/creathinkads.ro\/wp-content\/uploads\/2025\/12\/dzsungel-1200x799.jpeg 1200w, https:\/\/creathinkads.ro\/wp-content\/uploads\/2025\/12\/dzsungel-992x660.jpeg 992w, https:\/\/creathinkads.ro\/wp-content\/uploads\/2025\/12\/dzsungel-768x511.jpeg 768w, https:\/\/creathinkads.ro\/wp-content\/uploads\/2025\/12\/dzsungel-600x399.jpeg 600w,https:\/\/creathinkads.ro\/wp-content\/uploads\/2025\/12\/dzsungel-420x279.jpeg 420w\" src=\"https:\/\/creathinkads.ro\/wp-content\/uploads\/2025\/12\/dzsungel-1600x1066.jpeg\" sizes=\"(min-width: 1200px) 1600px, (min-width: 992px) 1200px, (min-width: 768px) 992px, (min-width: 600px) 768px, (min-width: 420px) 600px, (max-width: 600px) 420px\" alt=\"A marketing dzsungel \u00e9s a hozz\u00e1 val\u00f3 \u00fatiterv, vagy mi\u00e9rt \u00e9rdemes egy marketing tan\u00e1csad\u00f3val besz\u00e9lgetni?\" \/><\/a><\/div><div class=\"gt3_page_title_cats\"><span class=\"post_category\"><a href=\"https:\/\/creathinkads.ro\/hu\/strategia\/\" rel=\"category tag\">Strat\u00e9gia<\/a><\/span><\/div><div class=\"listing_meta_wrap\"><div class=\"listing_meta\"><span class=\"post_date\">2025. december 3.<\/span><span class=\"post_author\">by <a href=\"https:\/\/creathinkads.ro\/hu\/author\/zsolt\/\">Zsolt Lender<\/a><\/span><span class=\"post_category\"><a href=\"https:\/\/creathinkads.ro\/hu\/strategia\/\" rel=\"category tag\">Strat\u00e9gia<\/a><\/span><\/div><\/div><h2 class=\"blogpost_title\"><a href=\"https:\/\/creathinkads.ro\/hu\/strategia\/a-marketing-dzsungel-es-a-hozza-valo-utiterv-vagy-miert-erdemes-egy-marketing-tanacsadoval-beszelgetni\/\">A marketing dzsungel \u00e9s a hozz\u00e1 val\u00f3 \u00fatiterv, vagy mi\u00e9rt \u00e9rdemes egy marketing tan\u00e1csad\u00f3val besz\u00e9lgetni?<\/a><\/h2><div class=\"blog_item_description\">Gondoltad m\u00e1r, hogy a marketing olyan, mint egy tr\u00f3pusi dzsungel?\n\nGy\u00f6ny\u00f6r\u0171, tele van lehet\u0151s\u00e9gekkel, de k\u00f6nnyen elt\u00e9vedhetsz benne, mik\u00f6zben dr\u00e1ga energi\u00e1t pazarolsz olyan \u00f6sv\u00e9nyekre, amik sehov\u00e1 sem vezetnek. F\u0151leg, ha v\u00e1llalkoz\u00f3k\u00e9nt te viseled a t\u00fal\u00e9l\u0151kalapot, a machet\u00e9t,...<\/div><div class=\"clear post_clear\"><\/div><div class=\"gt3_post_footer\"><div class=\"gt3_module_button_list\"><a href=\"https:\/\/creathinkads.ro\/hu\/strategia\/a-marketing-dzsungel-es-a-hozza-valo-utiterv-vagy-miert-erdemes-egy-marketing-tanacsadoval-beszelgetni\/\">Elolvasom<\/a><\/div><div class=\"clear\"><\/div><\/div><\/div>\r\n\t\t\t\t\t\t<\/div>\r\n\t\t\t\t\t<\/div>\r\n\t\t\t\t\t<div class=\"blog_post_preview isotope_item isotope-item  format-standard-image optimalizalt-marketing packery_blog_item_2  \">\r\n                        <div class=\"item_wrapper\" >\r\n                            <div class=\"blog_content\"><div class=\"blog_post_media\"><a href=\"https:\/\/creathinkads.ro\/hu\/optimalizalt-marketing\/a-fizetett-hirdetesek-szerepe-2025-ben\/\"><img decoding=\"async\"  srcset=\"https:\/\/creathinkads.ro\/wp-content\/uploads\/2025\/05\/A-fizetett-hirdetesek-szerepe-2025-1600x800.webp 1600w, https:\/\/creathinkads.ro\/wp-content\/uploads\/2025\/05\/A-fizetett-hirdetesek-szerepe-2025-1200x600.webp 1200w, https:\/\/creathinkads.ro\/wp-content\/uploads\/2025\/05\/A-fizetett-hirdetesek-szerepe-2025-992x496.webp 992w, https:\/\/creathinkads.ro\/wp-content\/uploads\/2025\/05\/A-fizetett-hirdetesek-szerepe-2025-768x384.webp 768w, https:\/\/creathinkads.ro\/wp-content\/uploads\/2025\/05\/A-fizetett-hirdetesek-szerepe-2025-600x300.webp 600w,https:\/\/creathinkads.ro\/wp-content\/uploads\/2025\/05\/A-fizetett-hirdetesek-szerepe-2025-420x210.webp 420w\" src=\"https:\/\/creathinkads.ro\/wp-content\/uploads\/2025\/05\/A-fizetett-hirdetesek-szerepe-2025-1600x800.webp\" sizes=\"(min-width: 1200px) 1600px, (min-width: 992px) 1200px, (min-width: 768px) 992px, (min-width: 600px) 768px, (min-width: 420px) 600px, (max-width: 600px) 420px\" alt=\"A fizetett hirdet\u00e9sek szerepe 2025-ben\" \/><\/a><\/div><div class=\"gt3_page_title_cats\"><span class=\"post_category\"><a href=\"https:\/\/creathinkads.ro\/hu\/optimalizalt-marketing\/\" rel=\"category tag\">Optimaliz\u00e1lt marketing<\/a><\/span><\/div><div class=\"listing_meta_wrap\"><div class=\"listing_meta\"><span class=\"post_date\">2025. m\u00e1jus 7.<\/span><span class=\"post_author\">by <a href=\"https:\/\/creathinkads.ro\/hu\/author\/benko-hunor\/\">Hunor Benk\u0151<\/a><\/span><span class=\"post_category\"><a href=\"https:\/\/creathinkads.ro\/hu\/optimalizalt-marketing\/\" rel=\"category tag\">Optimaliz\u00e1lt marketing<\/a><\/span><span class=\"post_comments\"><a href=\"https:\/\/creathinkads.ro\/hu\/optimalizalt-marketing\/a-fizetett-hirdetesek-szerepe-2025-ben\/#comments\" title=\"1 Comment\">1 Comment<\/a><\/span><\/div><\/div><h2 class=\"blogpost_title\"><a href=\"https:\/\/creathinkads.ro\/hu\/optimalizalt-marketing\/a-fizetett-hirdetesek-szerepe-2025-ben\/\">A fizetett hirdet\u00e9sek szerepe 2025-ben<\/a><\/h2><div class=\"blog_item_description\">Majd csin\u00e1lok egy Facebook-oldalt, posztolok n\u00e9ha, \u00e9s j\u00f6nnek a vev\u0151k vagy k\u00f6vet\u0151k.\u201d Ez a hozz\u00e1\u00e1ll\u00e1s lehet, hogy 10 \u00e9vvel ezel\u0151tt m\u00e9g m\u0171k\u00f6d\u00f6tt. De 2025-ben m\u00e1r teljesen m\u00e1s szab\u00e1lyok szerint m\u0171k\u00f6dik az online t\u00e9r. A k\u00f6z\u00f6ss\u00e9gi m\u00e9dia algoritmusai ma m\u00e1r els\u0151sorban a fizetett...<\/div><div class=\"clear post_clear\"><\/div><div class=\"gt3_post_footer\"><div class=\"gt3_module_button_list\"><a href=\"https:\/\/creathinkads.ro\/hu\/optimalizalt-marketing\/a-fizetett-hirdetesek-szerepe-2025-ben\/\">Elolvasom<\/a><\/div><div class=\"clear\"><\/div><\/div><\/div>\r\n\t\t\t\t\t\t<\/div>\r\n\t\t\t\t\t<\/div>\r\n\t\t\t\t\t<div class=\"blog_post_preview isotope_item isotope-item  format-standard-image brandepites packery_blog_item_3  \">\r\n                        <div class=\"item_wrapper\" >\r\n                            <div class=\"blog_content\"><div class=\"blog_post_media\"><a href=\"https:\/\/creathinkads.ro\/hu\/brandepites\/milyen-keszsegek-segitenek-a-markaepitesben-a-szakkonyveken-tul\/\"><img decoding=\"async\"  srcset=\"https:\/\/creathinkads.ro\/wp-content\/uploads\/2025\/04\/Blog-Banner-for-Website-Content-1-1024x576-1-1600x900.jpg 1600w, https:\/\/creathinkads.ro\/wp-content\/uploads\/2025\/04\/Blog-Banner-for-Website-Content-1-1024x576-1-1200x675.jpg 1200w, https:\/\/creathinkads.ro\/wp-content\/uploads\/2025\/04\/Blog-Banner-for-Website-Content-1-1024x576-1-992x558.jpg 992w, https:\/\/creathinkads.ro\/wp-content\/uploads\/2025\/04\/Blog-Banner-for-Website-Content-1-1024x576-1-768x432.jpg 768w, https:\/\/creathinkads.ro\/wp-content\/uploads\/2025\/04\/Blog-Banner-for-Website-Content-1-1024x576-1-600x337.jpg 600w,https:\/\/creathinkads.ro\/wp-content\/uploads\/2025\/04\/Blog-Banner-for-Website-Content-1-1024x576-1-420x236.jpg 420w\" src=\"https:\/\/creathinkads.ro\/wp-content\/uploads\/2025\/04\/Blog-Banner-for-Website-Content-1-1024x576-1-1600x900.jpg\" sizes=\"(min-width: 1200px) 1600px, (min-width: 992px) 1200px, (min-width: 768px) 992px, (min-width: 600px) 768px, (min-width: 420px) 600px, (max-width: 600px) 420px\" alt=\"Milyen k\u00e9szs\u00e9gek seg\u00edtenek a m\u00e1rka\u00e9p\u00edt\u00e9sben a szakk\u00f6nyveken t\u00fal?\" \/><\/a><\/div><div class=\"gt3_page_title_cats\"><span class=\"post_category\"><a href=\"https:\/\/creathinkads.ro\/hu\/brandepites\/\" rel=\"category tag\">Brand\u00e9p\u00edt\u00e9s<\/a><\/span><\/div><div class=\"listing_meta_wrap\"><div class=\"listing_meta\"><span class=\"post_date\">2025. \u00e1prilis 9.<\/span><span class=\"post_author\">by <a href=\"https:\/\/creathinkads.ro\/hu\/author\/sheila\/\">Sheila T\u00edmea Bardos\u00e1n<\/a><\/span><span class=\"post_category\"><a href=\"https:\/\/creathinkads.ro\/hu\/brandepites\/\" rel=\"category tag\">Brand\u00e9p\u00edt\u00e9s<\/a><\/span><\/div><\/div><h2 class=\"blogpost_title\"><a href=\"https:\/\/creathinkads.ro\/hu\/brandepites\/milyen-keszsegek-segitenek-a-markaepitesben-a-szakkonyveken-tul\/\">Milyen k\u00e9szs\u00e9gek seg\u00edtenek a m\u00e1rka\u00e9p\u00edt\u00e9sben a szakk\u00f6nyveken t\u00fal?<\/a><\/h2><div class=\"blog_item_description\">T\u00f6bb mint egy \u00e9vtizede dolgozom m\u00e1rk\u00e1k \u00e9p\u00edt\u00e9s\u00e9n \u00e9s kommunik\u00e1ci\u00f3j\u00e1n, jellemz\u0151en az \u00e9lelmiszeriparban, de sz\u00e1mos m\u00e1s szektorban is volt szerencs\u00e9m megtapasztalni, mennyire sokr\u00e9t\u0171 \u00e9s \u00f6sszetett ez a ter\u00fclet. Az elm\u00falt \u00e9vek tapasztalata megtan\u00edtott arra, hogy a m\u00e1rka\u00e9p\u00edt\u00e9s nem...<\/div><div class=\"clear post_clear\"><\/div><div class=\"gt3_post_footer\"><div class=\"gt3_module_button_list\"><a href=\"https:\/\/creathinkads.ro\/hu\/brandepites\/milyen-keszsegek-segitenek-a-markaepitesben-a-szakkonyveken-tul\/\">Elolvasom<\/a><\/div><div class=\"clear\"><\/div><\/div><\/div>\r\n\t\t\t\t\t\t<\/div>\r\n\t\t\t\t\t<\/div>\r\n\t\t\t\t\t\t<\/div>\r\n\t\t\t\t<\/div>\n\t\t\t\t<\/div>\n\t\t\t\t\t<\/div>\n\t\t\t\t<\/div>\n\t\t\t\t<\/div>\n\t\t","protected":false},"excerpt":{"rendered":"<p>Strat\u00e9giaDecember 3, 2025by Zsolt LenderStrat\u00e9gia A marketing dzsungel \u00e9s a hozz\u00e1 val\u00f3 \u00fatiterv, vagy mi\u00e9rt \u00e9rdemes egy marketing tan\u00e1csad\u00f3val besz\u00e9lgetni? Gondoltad m\u00e1r, hogy a marketing olyan, mint egy tr\u00f3pusi dzsungel? Gy\u00f6ny\u00f6r\u0171, tele van lehet\u0151s\u00e9gekkel, de k\u00f6nnyen elt\u00e9vedhetsz benne, mik\u00f6zben dr\u00e1ga energi\u00e1t pazarolsz olyan \u00f6sv\u00e9nyekre, amik sehov\u00e1 sem vezetnek. F\u0151leg, ha v\u00e1llalkoz\u00f3k\u00e9nt te viseled a t\u00fal\u00e9l\u0151kalapot, [&hellip;]<\/p>\n","protected":false},"author":1,"featured_media":0,"parent":0,"menu_order":0,"comment_status":"closed","ping_status":"closed","template":"","meta":{"footnotes":""},"class_list":["post-1363","page","type-page","status-publish","hentry"],"yoast_head":"<!-- This site is optimized with the Yoast SEO plugin v26.7 - https:\/\/yoast.com\/wordpress\/plugins\/seo\/ -->\n<title>Creathink tud\u00e1st\u00e1r - Creathink<\/title>\n<meta name=\"robots\" content=\"index, follow, max-snippet:-1, max-image-preview:large, max-video-preview:-1\" \/>\n<link rel=\"canonical\" href=\"https:\/\/creathinkads.ro\/hu\/tudastar\/\" \/>\n<meta property=\"og:locale\" content=\"hu_HU\" \/>\n<meta property=\"og:type\" content=\"article\" \/>\n<meta property=\"og:title\" content=\"Creathink tud\u00e1st\u00e1r - Creathink\" \/>\n<meta property=\"og:description\" content=\"Strat\u00e9giaDecember 3, 2025by Zsolt LenderStrat\u00e9gia A marketing dzsungel \u00e9s a hozz\u00e1 val\u00f3 \u00fatiterv, vagy mi\u00e9rt \u00e9rdemes egy marketing tan\u00e1csad\u00f3val besz\u00e9lgetni? Gondoltad m\u00e1r, hogy a marketing olyan, mint egy tr\u00f3pusi dzsungel? Gy\u00f6ny\u00f6r\u0171, tele van lehet\u0151s\u00e9gekkel, de k\u00f6nnyen elt\u00e9vedhetsz benne, mik\u00f6zben dr\u00e1ga energi\u00e1t pazarolsz olyan \u00f6sv\u00e9nyekre, amik sehov\u00e1 sem vezetnek. F\u0151leg, ha v\u00e1llalkoz\u00f3k\u00e9nt te viseled a t\u00fal\u00e9l\u0151kalapot, [&hellip;]\" \/>\n<meta property=\"og:url\" content=\"https:\/\/creathinkads.ro\/hu\/tudastar\/\" \/>\n<meta property=\"og:site_name\" content=\"Creathink\" \/>\n<meta property=\"article:publisher\" content=\"https:\/\/www.facebook.com\/creathinkadvertising\" \/>\n<meta property=\"article:modified_time\" content=\"2025-12-19T06:35:09+00:00\" \/>\n<meta property=\"og:image\" content=\"https:\/\/creathinkads.eu\/wp-content\/uploads\/2025\/12\/dzsungel-1600x1066.jpeg\" \/>\n<meta name=\"twitter:card\" content=\"summary_large_image\" \/>\n<meta name=\"twitter:label1\" content=\"Becs\u00fclt olvas\u00e1si id\u0151\" \/>\n\t<meta name=\"twitter:data1\" content=\"1 perc\" \/>\n<script type=\"application\/ld+json\" class=\"yoast-schema-graph\">{\"@context\":\"https:\/\/schema.org\",\"@graph\":[{\"@type\":\"WebPage\",\"@id\":\"https:\/\/creathinkads.ro\/hu\/tudastar\/\",\"url\":\"https:\/\/creathinkads.ro\/hu\/tudastar\/\",\"name\":\"Creathink tud\u00e1st\u00e1r - Creathink\",\"isPartOf\":{\"@id\":\"https:\/\/creathinkads.ro\/hu\/#website\"},\"primaryImageOfPage\":{\"@id\":\"https:\/\/creathinkads.ro\/hu\/tudastar\/#primaryimage\"},\"image\":{\"@id\":\"https:\/\/creathinkads.ro\/hu\/tudastar\/#primaryimage\"},\"thumbnailUrl\":\"https:\/\/creathinkads.eu\/wp-content\/uploads\/2025\/12\/dzsungel-1600x1066.jpeg\",\"datePublished\":\"2025-05-20T11:32:24+00:00\",\"dateModified\":\"2025-12-19T06:35:09+00:00\",\"breadcrumb\":{\"@id\":\"https:\/\/creathinkads.ro\/hu\/tudastar\/#breadcrumb\"},\"inLanguage\":\"hu\",\"potentialAction\":[{\"@type\":\"ReadAction\",\"target\":[\"https:\/\/creathinkads.ro\/hu\/tudastar\/\"]}]},{\"@type\":\"ImageObject\",\"inLanguage\":\"hu\",\"@id\":\"https:\/\/creathinkads.ro\/hu\/tudastar\/#primaryimage\",\"url\":\"https:\/\/creathinkads.eu\/wp-content\/uploads\/2025\/12\/dzsungel-1600x1066.jpeg\",\"contentUrl\":\"https:\/\/creathinkads.eu\/wp-content\/uploads\/2025\/12\/dzsungel-1600x1066.jpeg\"},{\"@type\":\"BreadcrumbList\",\"@id\":\"https:\/\/creathinkads.ro\/hu\/tudastar\/#breadcrumb\",\"itemListElement\":[{\"@type\":\"ListItem\",\"position\":1,\"name\":\"Kezd\u0151lap\",\"item\":\"https:\/\/creathinkads.ro\/hu\/\"},{\"@type\":\"ListItem\",\"position\":2,\"name\":\"Creathink tud\u00e1st\u00e1r\"}]},{\"@type\":\"WebSite\",\"@id\":\"https:\/\/creathinkads.ro\/hu\/#website\",\"url\":\"https:\/\/creathinkads.ro\/hu\/\",\"name\":\"Creathinkads\",\"description\":\"\",\"publisher\":{\"@id\":\"https:\/\/creathinkads.ro\/hu\/#organization\"},\"potentialAction\":[{\"@type\":\"SearchAction\",\"target\":{\"@type\":\"EntryPoint\",\"urlTemplate\":\"https:\/\/creathinkads.ro\/hu\/?s={search_term_string}\"},\"query-input\":{\"@type\":\"PropertyValueSpecification\",\"valueRequired\":true,\"valueName\":\"search_term_string\"}}],\"inLanguage\":\"hu\"},{\"@type\":\"Organization\",\"@id\":\"https:\/\/creathinkads.ro\/hu\/#organization\",\"name\":\"Creathink Advertising\",\"url\":\"https:\/\/creathinkads.ro\/hu\/\",\"logo\":{\"@type\":\"ImageObject\",\"inLanguage\":\"hu\",\"@id\":\"https:\/\/creathinkads.ro\/hu\/#\/schema\/logo\/image\/\",\"url\":\"https:\/\/creathinkads.eu\/wp-content\/uploads\/2025\/05\/Creathink_logo_gradient_200.png\",\"contentUrl\":\"https:\/\/creathinkads.eu\/wp-content\/uploads\/2025\/05\/Creathink_logo_gradient_200.png\",\"width\":200,\"height\":58,\"caption\":\"Creathink Advertising\"},\"image\":{\"@id\":\"https:\/\/creathinkads.ro\/hu\/#\/schema\/logo\/image\/\"},\"sameAs\":[\"https:\/\/www.facebook.com\/creathinkadvertising\",\"https:\/\/www.instagram.com\/creathink.advertising\",\"https:\/\/www.linkedin.com\/company\/creathink-advertising\",\"https:\/\/www.behance.net\/creathinkads\"]}]}<\/script>\n<!-- \/ Yoast SEO plugin. -->","yoast_head_json":{"title":"Creathink tud\u00e1st\u00e1r - Creathink","robots":{"index":"index","follow":"follow","max-snippet":"max-snippet:-1","max-image-preview":"max-image-preview:large","max-video-preview":"max-video-preview:-1"},"canonical":"https:\/\/creathinkads.ro\/hu\/tudastar\/","og_locale":"hu_HU","og_type":"article","og_title":"Creathink tud\u00e1st\u00e1r - Creathink","og_description":"Strat\u00e9giaDecember 3, 2025by Zsolt LenderStrat\u00e9gia A marketing dzsungel \u00e9s a hozz\u00e1 val\u00f3 \u00fatiterv, vagy mi\u00e9rt \u00e9rdemes egy marketing tan\u00e1csad\u00f3val besz\u00e9lgetni? Gondoltad m\u00e1r, hogy a marketing olyan, mint egy tr\u00f3pusi dzsungel? Gy\u00f6ny\u00f6r\u0171, tele van lehet\u0151s\u00e9gekkel, de k\u00f6nnyen elt\u00e9vedhetsz benne, mik\u00f6zben dr\u00e1ga energi\u00e1t pazarolsz olyan \u00f6sv\u00e9nyekre, amik sehov\u00e1 sem vezetnek. F\u0151leg, ha v\u00e1llalkoz\u00f3k\u00e9nt te viseled a t\u00fal\u00e9l\u0151kalapot, [&hellip;]","og_url":"https:\/\/creathinkads.ro\/hu\/tudastar\/","og_site_name":"Creathink","article_publisher":"https:\/\/www.facebook.com\/creathinkadvertising","article_modified_time":"2025-12-19T06:35:09+00:00","og_image":[{"url":"https:\/\/creathinkads.eu\/wp-content\/uploads\/2025\/12\/dzsungel-1600x1066.jpeg","type":"","width":"","height":""}],"twitter_card":"summary_large_image","twitter_misc":{"Becs\u00fclt olvas\u00e1si id\u0151":"1 perc"},"schema":{"@context":"https:\/\/schema.org","@graph":[{"@type":"WebPage","@id":"https:\/\/creathinkads.ro\/hu\/tudastar\/","url":"https:\/\/creathinkads.ro\/hu\/tudastar\/","name":"Creathink tud\u00e1st\u00e1r - Creathink","isPartOf":{"@id":"https:\/\/creathinkads.ro\/hu\/#website"},"primaryImageOfPage":{"@id":"https:\/\/creathinkads.ro\/hu\/tudastar\/#primaryimage"},"image":{"@id":"https:\/\/creathinkads.ro\/hu\/tudastar\/#primaryimage"},"thumbnailUrl":"https:\/\/creathinkads.eu\/wp-content\/uploads\/2025\/12\/dzsungel-1600x1066.jpeg","datePublished":"2025-05-20T11:32:24+00:00","dateModified":"2025-12-19T06:35:09+00:00","breadcrumb":{"@id":"https:\/\/creathinkads.ro\/hu\/tudastar\/#breadcrumb"},"inLanguage":"hu","potentialAction":[{"@type":"ReadAction","target":["https:\/\/creathinkads.ro\/hu\/tudastar\/"]}]},{"@type":"ImageObject","inLanguage":"hu","@id":"https:\/\/creathinkads.ro\/hu\/tudastar\/#primaryimage","url":"https:\/\/creathinkads.eu\/wp-content\/uploads\/2025\/12\/dzsungel-1600x1066.jpeg","contentUrl":"https:\/\/creathinkads.eu\/wp-content\/uploads\/2025\/12\/dzsungel-1600x1066.jpeg"},{"@type":"BreadcrumbList","@id":"https:\/\/creathinkads.ro\/hu\/tudastar\/#breadcrumb","itemListElement":[{"@type":"ListItem","position":1,"name":"Kezd\u0151lap","item":"https:\/\/creathinkads.ro\/hu\/"},{"@type":"ListItem","position":2,"name":"Creathink tud\u00e1st\u00e1r"}]},{"@type":"WebSite","@id":"https:\/\/creathinkads.ro\/hu\/#website","url":"https:\/\/creathinkads.ro\/hu\/","name":"Creathinkads","description":"","publisher":{"@id":"https:\/\/creathinkads.ro\/hu\/#organization"},"potentialAction":[{"@type":"SearchAction","target":{"@type":"EntryPoint","urlTemplate":"https:\/\/creathinkads.ro\/hu\/?s={search_term_string}"},"query-input":{"@type":"PropertyValueSpecification","valueRequired":true,"valueName":"search_term_string"}}],"inLanguage":"hu"},{"@type":"Organization","@id":"https:\/\/creathinkads.ro\/hu\/#organization","name":"Creathink Advertising","url":"https:\/\/creathinkads.ro\/hu\/","logo":{"@type":"ImageObject","inLanguage":"hu","@id":"https:\/\/creathinkads.ro\/hu\/#\/schema\/logo\/image\/","url":"https:\/\/creathinkads.eu\/wp-content\/uploads\/2025\/05\/Creathink_logo_gradient_200.png","contentUrl":"https:\/\/creathinkads.eu\/wp-content\/uploads\/2025\/05\/Creathink_logo_gradient_200.png","width":200,"height":58,"caption":"Creathink Advertising"},"image":{"@id":"https:\/\/creathinkads.ro\/hu\/#\/schema\/logo\/image\/"},"sameAs":["https:\/\/www.facebook.com\/creathinkadvertising","https:\/\/www.instagram.com\/creathink.advertising","https:\/\/www.linkedin.com\/company\/creathink-advertising","https:\/\/www.behance.net\/creathinkads"]}]}},"_links":{"self":[{"href":"https:\/\/creathinkads.ro\/hu\/wp-json\/wp\/v2\/pages\/1363","targetHints":{"allow":["GET"]}}],"collection":[{"href":"https:\/\/creathinkads.ro\/hu\/wp-json\/wp\/v2\/pages"}],"about":[{"href":"https:\/\/creathinkads.ro\/hu\/wp-json\/wp\/v2\/types\/page"}],"author":[{"embeddable":true,"href":"https:\/\/creathinkads.ro\/hu\/wp-json\/wp\/v2\/users\/1"}],"replies":[{"embeddable":true,"href":"https:\/\/creathinkads.ro\/hu\/wp-json\/wp\/v2\/comments?post=1363"}],"version-history":[{"count":5,"href":"https:\/\/creathinkads.ro\/hu\/wp-json\/wp\/v2\/pages\/1363\/revisions"}],"predecessor-version":[{"id":4628,"href":"https:\/\/creathinkads.ro\/hu\/wp-json\/wp\/v2\/pages\/1363\/revisions\/4628"}],"wp:attachment":[{"href":"https:\/\/creathinkads.ro\/hu\/wp-json\/wp\/v2\/media?parent=1363"}],"curies":[{"name":"wp","href":"https:\/\/api.w.org\/{rel}","templated":true}]}}